{"id":11,"date":"2025-09-06T18:56:02","date_gmt":"2025-09-06T16:56:02","guid":{"rendered":"https:\/\/maitremoulinemarc.fr\/index.php\/front_page\/"},"modified":"2025-09-08T15:55:17","modified_gmt":"2025-09-08T13:55:17","slug":"front_page","status":"publish","type":"page","link":"https:\/\/maitremoulinemarc.fr\/","title":{"rendered":"Accueil"},"content":{"rendered":"\t\t<div data-elementor-type=\"wp-page\" data-elementor-id=\"11\" class=\"elementor elementor-11\">\n\t\t\t\t<div class=\"elementor-element elementor-element-ce418da e-flex e-con-boxed e-con e-parent\" data-id=\"ce418da\" data-element_type=\"container\">\n\t\t\t\t\t<div class=\"e-con-inner\">\n\t\t\t\t<div class=\"elementor-element elementor-element-322d27b elementor-widget elementor-widget-text-editor\" data-id=\"322d27b\" data-element_type=\"widget\" data-widget_type=\"text-editor.default\">\n\t\t\t\t\t\t\t\t\t<p><strong>Ma\u00eetre Mouline Marc Notaire en France (Paris).<\/strong><br \/>Je mets mon expertise et mon exp\u00e9rience \u00e0 votre service pour vous accompagner dans toutes vos d\u00e9marches notariales : droit de la famille, immobilier, affaires et patrimoine.<br \/>Mon engagement est simple : vous assurer s\u00e9curit\u00e9 juridique, confidentialit\u00e9 et clart\u00e9, afin de vous guider sereinement dans vos d\u00e9cisions les plus importantes.<\/p>\t\t\t\t\t\t\t\t<\/div>\n\t\t\t\t\t<\/div>\n\t\t\t\t<\/div>\n\t\t\t\t<\/div>\n\t\t","protected":false},"excerpt":{"rendered":"<p>Ma\u00eetre Mouline Marc Notaire en France (Paris).Je mets mon expertise et mon exp\u00e9rience \u00e0 votre service pour vous accompagner dans toutes vos d\u00e9marches notariales : droit de la famille, immobilier, affaires et patrimoine.Mon engagement est simple : vous assurer s\u00e9curit\u00e9 juridique, confidentialit\u00e9 et clart\u00e9, afin de vous guider sereinement dans vos d\u00e9cisions les plus importantes.<\/p>\n","protected":false},"author":1,"featured_media":0,"parent":0,"menu_order":0,"comment_status":"closed","ping_status":"closed","template":"","meta":{"footnotes":""},"class_list":["post-11","page","type-page","status-publish","hentry"],"_links":{"self":[{"href":"https:\/\/maitremoulinemarc.fr\/index.php\/wp-json\/wp\/v2\/pages\/11","targetHints":{"allow":["GET"]}}],"collection":[{"href":"https:\/\/maitremoulinemarc.fr\/index.php\/wp-json\/wp\/v2\/pages"}],"about":[{"href":"https:\/\/maitremoulinemarc.fr\/index.php\/wp-json\/wp\/v2\/types\/page"}],"author":[{"embeddable":true,"href":"https:\/\/maitremoulinemarc.fr\/index.php\/wp-json\/wp\/v2\/users\/1"}],"replies":[{"embeddable":true,"href":"https:\/\/maitremoulinemarc.fr\/index.php\/wp-json\/wp\/v2\/comments?post=11"}],"version-history":[{"count":7,"href":"https:\/\/maitremoulinemarc.fr\/index.php\/wp-json\/wp\/v2\/pages\/11\/revisions"}],"predecessor-version":[{"id":97,"href":"https:\/\/maitremoulinemarc.fr\/index.php\/wp-json\/wp\/v2\/pages\/11\/revisions\/97"}],"wp:attachment":[{"href":"https:\/\/maitremoulinemarc.fr\/index.php\/wp-json\/wp\/v2\/media?parent=11"}],"curies":[{"name":"wp","href":"https:\/\/api.w.org\/{rel}","templated":true}]}}