{"id":41,"date":"2025-09-06T19:06:51","date_gmt":"2025-09-06T17:06:51","guid":{"rendered":"https:\/\/maitremoulinemarc.fr\/?page_id=41"},"modified":"2025-09-08T16:12:40","modified_gmt":"2025-09-08T14:12:40","slug":"a-propos","status":"publish","type":"page","link":"https:\/\/maitremoulinemarc.fr\/index.php\/a-propos\/","title":{"rendered":"A propos"},"content":{"rendered":"\t\t<div data-elementor-type=\"wp-page\" data-elementor-id=\"41\" class=\"elementor elementor-41\">\n\t\t\t\t<div class=\"elementor-element elementor-element-ac01b22 e-flex e-con-boxed e-con e-parent\" data-id=\"ac01b22\" data-element_type=\"container\">\n\t\t\t\t\t<div class=\"e-con-inner\">\n\t\t\t\t<div class=\"elementor-element elementor-element-9098999 elementor-widget elementor-widget-text-editor\" data-id=\"9098999\" data-element_type=\"widget\" data-widget_type=\"text-editor.default\">\n\t\t\t\t\t\t\t\t\t<div>\u00a0Je suis Ma\u00eetre Mouline Marc, notaire engag\u00e9 \u00e0 vos c\u00f4t\u00e9s pour s\u00e9curiser vos projets de vie et prot\u00e9ger vos int\u00e9r\u00eats.<\/div><div>Mon r\u00f4le est d\u2019apporter des conseils pr\u00e9cis, fiables et adapt\u00e9s \u00e0 chaque situation, qu\u2019il s\u2019agisse d\u2019une succession, d\u2019un achat immobilier, d\u2019une donation ou d\u2019une cr\u00e9ation d\u2019entreprise.<\/div><div>\u00a0<\/div><div>\u00a0 \u00a0 \u00a0 \u00a0 \u00a0 \u00a0 \u00a0 \u00a0 \u00a0 \u00a0 <span style=\"text-decoration: underline;\">Ma philosophie :<\/span><\/div><div>\u00a0<\/div><div>\u2022\u00c9coute et disponibilit\u00e9.<\/div><div>\u2022Rigueur et transparence dans chaque dossier.<\/div><div>\u2022Un accompagnement personnalis\u00e9 pour chaque client.<\/div><div>\u00a0<\/div><div>Avec moi, vous b\u00e9n\u00e9ficiez d\u2019un partenaire juridique de confiance, \u00e0 vos c\u00f4t\u00e9s dans toutes les \u00e9tapes importantes de votre vie.<\/div>\t\t\t\t\t\t\t\t<\/div>\n\t\t\t\t\t<\/div>\n\t\t\t\t<\/div>\n\t\t\t\t<\/div>\n\t\t","protected":false},"excerpt":{"rendered":"<p>\u00a0Je suis Ma\u00eetre Mouline Marc, notaire engag\u00e9 \u00e0 vos c\u00f4t\u00e9s pour s\u00e9curiser vos projets de vie et prot\u00e9ger vos int\u00e9r\u00eats.Mon r\u00f4le est d\u2019apporter des conseils pr\u00e9cis, fiables et adapt\u00e9s \u00e0 chaque situation, qu\u2019il s\u2019agisse d\u2019une succession, d\u2019un achat immobilier, d\u2019une donation ou d\u2019une cr\u00e9ation d\u2019entreprise.\u00a0\u00a0 \u00a0 \u00a0 \u00a0 \u00a0 \u00a0 \u00a0 \u00a0 \u00a0 \u00a0 Ma [&hellip;]<\/p>\n","protected":false},"author":1,"featured_media":0,"parent":0,"menu_order":0,"comment_status":"closed","ping_status":"closed","template":"","meta":{"footnotes":""},"class_list":["post-41","page","type-page","status-publish","hentry"],"_links":{"self":[{"href":"https:\/\/maitremoulinemarc.fr\/index.php\/wp-json\/wp\/v2\/pages\/41","targetHints":{"allow":["GET"]}}],"collection":[{"href":"https:\/\/maitremoulinemarc.fr\/index.php\/wp-json\/wp\/v2\/pages"}],"about":[{"href":"https:\/\/maitremoulinemarc.fr\/index.php\/wp-json\/wp\/v2\/types\/page"}],"author":[{"embeddable":true,"href":"https:\/\/maitremoulinemarc.fr\/index.php\/wp-json\/wp\/v2\/users\/1"}],"replies":[{"embeddable":true,"href":"https:\/\/maitremoulinemarc.fr\/index.php\/wp-json\/wp\/v2\/comments?post=41"}],"version-history":[{"count":7,"href":"https:\/\/maitremoulinemarc.fr\/index.php\/wp-json\/wp\/v2\/pages\/41\/revisions"}],"predecessor-version":[{"id":211,"href":"https:\/\/maitremoulinemarc.fr\/index.php\/wp-json\/wp\/v2\/pages\/41\/revisions\/211"}],"wp:attachment":[{"href":"https:\/\/maitremoulinemarc.fr\/index.php\/wp-json\/wp\/v2\/media?parent=41"}],"curies":[{"name":"wp","href":"https:\/\/api.w.org\/{rel}","templated":true}]}}