{"id":43,"date":"2025-09-06T19:07:24","date_gmt":"2025-09-06T17:07:24","guid":{"rendered":"https:\/\/maitremoulinemarc.fr\/?page_id=43"},"modified":"2025-09-16T18:11:47","modified_gmt":"2025-09-16T16:11:47","slug":"actualites-juridiques","status":"publish","type":"page","link":"https:\/\/maitremoulinemarc.fr\/index.php\/actualites-juridiques\/","title":{"rendered":"Actualites Juridiques"},"content":{"rendered":"\t\t<div data-elementor-type=\"wp-page\" data-elementor-id=\"43\" class=\"elementor elementor-43\">\n\t\t\t\t<div class=\"elementor-element elementor-element-87c32c6 e-flex e-con-boxed e-con e-parent\" data-id=\"87c32c6\" data-element_type=\"container\">\n\t\t\t\t\t<div class=\"e-con-inner\">\n\t\t\t\t<div class=\"elementor-element elementor-element-7683bd0 elementor-widget elementor-widget-text-editor\" data-id=\"7683bd0\" data-element_type=\"widget\" data-widget_type=\"text-editor.default\">\n\t\t\t\t\t\t\t\t\t<p>Retrouvez ici les derni\u00e8res actualit\u00e9s juridiques s\u00e9lectionn\u00e9es par Ma\u00eetre Mouline Marc, afin de vous tenir inform\u00e9s des \u00e9volutions importantes en mati\u00e8re de droit de la famille, d\u2019immobilier et d\u2019affaires.<br \/>Mon objectif est de vous offrir une information claire, accessible et utile pour vos projets personnels et professionnels.<\/p>\t\t\t\t\t\t\t\t<\/div>\n\t\t\t\t\t<\/div>\n\t\t\t\t<\/div>\n\t\t\t\t<\/div>\n\t\t","protected":false},"excerpt":{"rendered":"<p>Retrouvez ici les derni\u00e8res actualit\u00e9s juridiques s\u00e9lectionn\u00e9es par Ma\u00eetre Mouline Marc, afin de vous tenir inform\u00e9s des \u00e9volutions importantes en mati\u00e8re de droit de la famille, d\u2019immobilier et d\u2019affaires.Mon objectif est de vous offrir une information claire, accessible et utile pour vos projets personnels et professionnels.<\/p>\n","protected":false},"author":1,"featured_media":0,"parent":0,"menu_order":0,"comment_status":"closed","ping_status":"closed","template":"","meta":{"footnotes":""},"class_list":["post-43","page","type-page","status-publish","hentry"],"_links":{"self":[{"href":"https:\/\/maitremoulinemarc.fr\/index.php\/wp-json\/wp\/v2\/pages\/43","targetHints":{"allow":["GET"]}}],"collection":[{"href":"https:\/\/maitremoulinemarc.fr\/index.php\/wp-json\/wp\/v2\/pages"}],"about":[{"href":"https:\/\/maitremoulinemarc.fr\/index.php\/wp-json\/wp\/v2\/types\/page"}],"author":[{"embeddable":true,"href":"https:\/\/maitremoulinemarc.fr\/index.php\/wp-json\/wp\/v2\/users\/1"}],"replies":[{"embeddable":true,"href":"https:\/\/maitremoulinemarc.fr\/index.php\/wp-json\/wp\/v2\/comments?post=43"}],"version-history":[{"count":7,"href":"https:\/\/maitremoulinemarc.fr\/index.php\/wp-json\/wp\/v2\/pages\/43\/revisions"}],"predecessor-version":[{"id":238,"href":"https:\/\/maitremoulinemarc.fr\/index.php\/wp-json\/wp\/v2\/pages\/43\/revisions\/238"}],"wp:attachment":[{"href":"https:\/\/maitremoulinemarc.fr\/index.php\/wp-json\/wp\/v2\/media?parent=43"}],"curies":[{"name":"wp","href":"https:\/\/api.w.org\/{rel}","templated":true}]}}