{"id":49,"date":"2025-09-06T19:10:28","date_gmt":"2025-09-06T17:10:28","guid":{"rendered":"https:\/\/maitremoulinemarc.fr\/?page_id=49"},"modified":"2025-09-08T17:18:28","modified_gmt":"2025-09-08T15:18:28","slug":"presentation-de-loffice","status":"publish","type":"page","link":"https:\/\/maitremoulinemarc.fr\/index.php\/presentation-de-loffice\/","title":{"rendered":"Pr\u00e9sentation de l&rsquo;office"},"content":{"rendered":"\t\t<div data-elementor-type=\"wp-page\" data-elementor-id=\"49\" class=\"elementor elementor-49\">\n\t\t\t\t<div class=\"elementor-element elementor-element-a25d02b e-flex e-con-boxed e-con e-parent\" data-id=\"a25d02b\" data-element_type=\"container\">\n\t\t\t\t\t<div class=\"e-con-inner\">\n\t\t\t\t<div class=\"elementor-element elementor-element-b427e1c elementor-widget elementor-widget-text-editor\" data-id=\"b427e1c\" data-element_type=\"widget\" data-widget_type=\"text-editor.default\">\n\t\t\t\t\t\t\t\t\t<p>&nbsp; &nbsp; &nbsp;<strong style=\"text-decoration-line: underline;\">Office Notarial Mouline Marc<\/strong><\/p>\n<p><strong style=\"text-decoration-line: underline;\"><br><\/strong><\/p>\n<p><\/p>\n<p>&nbsp; &nbsp; &nbsp; &nbsp; &nbsp; &nbsp; &nbsp;<span style=\"text-decoration: underline;\">Domaines de Comp\u00e9tences :<\/span>&nbsp;<\/p>\n<ul>\n<li>Droit de la famille (mariage, PACS, succession, adoption).<\/li>\n<li>Immobilier (ventes, pr\u00eats, baux, copropri\u00e9t\u00e9s).<\/li>\n<li>Droit des affaires (cr\u00e9ation de soci\u00e9t\u00e9, cessions de parts).<\/li>\n<li>Conseil patrimonial et fiscalit\u00e9.<\/li>\n<\/ul>\n<p>&nbsp; &nbsp; &nbsp; &nbsp; &nbsp; &nbsp; &nbsp; &nbsp; &nbsp; &nbsp; &nbsp; <span style=\"text-decoration: underline;\">Engagement de l&rsquo;office:<\/span><\/p>\n<ul>\n<li>Accompagnement personnalis\u00e9.<\/li>\n<li>D\u00e9lais rapides et transparence.<\/li>\n<li>Service digital (signature \u00e9lectronique, rendez-vous en visio).<\/li>\n<\/ul>\t\t\t\t\t\t\t\t<\/div>\n\t\t\t\t\t<\/div>\n\t\t\t\t<\/div>\n\t\t\t\t<\/div>\n\t\t","protected":false},"excerpt":{"rendered":"<p>&nbsp; &nbsp; &nbsp;Office Notarial Mouline Marc &nbsp; &nbsp; &nbsp; &nbsp; &nbsp; &nbsp; &nbsp;Domaines de Comp\u00e9tences :&nbsp; Droit de la famille (mariage, PACS, succession, adoption). Immobilier (ventes, pr\u00eats, baux, copropri\u00e9t\u00e9s). Droit des affaires (cr\u00e9ation de soci\u00e9t\u00e9, cessions de parts). Conseil patrimonial et fiscalit\u00e9. &nbsp; &nbsp; &nbsp; &nbsp; &nbsp; &nbsp; &nbsp; &nbsp; &nbsp; &nbsp; &nbsp; Engagement de [&hellip;]<\/p>\n","protected":false},"author":1,"featured_media":0,"parent":0,"menu_order":0,"comment_status":"closed","ping_status":"closed","template":"","meta":{"footnotes":""},"class_list":["post-49","page","type-page","status-publish","hentry"],"_links":{"self":[{"href":"https:\/\/maitremoulinemarc.fr\/index.php\/wp-json\/wp\/v2\/pages\/49","targetHints":{"allow":["GET"]}}],"collection":[{"href":"https:\/\/maitremoulinemarc.fr\/index.php\/wp-json\/wp\/v2\/pages"}],"about":[{"href":"https:\/\/maitremoulinemarc.fr\/index.php\/wp-json\/wp\/v2\/types\/page"}],"author":[{"embeddable":true,"href":"https:\/\/maitremoulinemarc.fr\/index.php\/wp-json\/wp\/v2\/users\/1"}],"replies":[{"embeddable":true,"href":"https:\/\/maitremoulinemarc.fr\/index.php\/wp-json\/wp\/v2\/comments?post=49"}],"version-history":[{"count":4,"href":"https:\/\/maitremoulinemarc.fr\/index.php\/wp-json\/wp\/v2\/pages\/49\/revisions"}],"predecessor-version":[{"id":226,"href":"https:\/\/maitremoulinemarc.fr\/index.php\/wp-json\/wp\/v2\/pages\/49\/revisions\/226"}],"wp:attachment":[{"href":"https:\/\/maitremoulinemarc.fr\/index.php\/wp-json\/wp\/v2\/media?parent=49"}],"curies":[{"name":"wp","href":"https:\/\/api.w.org\/{rel}","templated":true}]}}