{"id":55,"date":"2025-09-06T19:12:19","date_gmt":"2025-09-06T17:12:19","guid":{"rendered":"https:\/\/maitremoulinemarc.fr\/?page_id=55"},"modified":"2025-09-06T20:05:09","modified_gmt":"2025-09-06T18:05:09","slug":"nous-coordonnees","status":"publish","type":"page","link":"https:\/\/maitremoulinemarc.fr\/index.php\/nous-coordonnees\/","title":{"rendered":"Nos coordonn\u00e9es"},"content":{"rendered":"\t\t<div data-elementor-type=\"wp-page\" data-elementor-id=\"55\" class=\"elementor elementor-55\">\n\t\t\t\t<div class=\"elementor-element elementor-element-d7ca8da e-flex e-con-boxed e-con e-parent\" data-id=\"d7ca8da\" data-element_type=\"container\">\n\t\t\t\t\t<div class=\"e-con-inner\">\n\t\t\t\t<div class=\"elementor-element elementor-element-f28c092 elementor-widget elementor-widget-text-editor\" data-id=\"f28c092\" data-element_type=\"widget\" data-widget_type=\"text-editor.default\">\n\t\t\t\t\t\t\t\t\t<p>Localisation :25Rue Lafayette,75009Paris, France<\/p><p>\u00c9mail: moulinemarc@gmx.fr<\/p><p>Coordonn\u00e9es T\u00e9lephonique et WhatsApp:<\/p><p>\u202a+46731738065\u202c \u202a+447418316494\u202c<\/p>\t\t\t\t\t\t\t\t<\/div>\n\t\t\t\t\t<\/div>\n\t\t\t\t<\/div>\n\t\t\t\t<\/div>\n\t\t","protected":false},"excerpt":{"rendered":"<p>Localisation :25Rue Lafayette,75009Paris, France \u00c9mail: moulinemarc@gmx.fr Coordonn\u00e9es T\u00e9lephonique et WhatsApp: \u202a+46731738065\u202c \u202a+447418316494\u202c<\/p>\n","protected":false},"author":1,"featured_media":0,"parent":0,"menu_order":0,"comment_status":"closed","ping_status":"closed","template":"","meta":{"footnotes":""},"class_list":["post-55","page","type-page","status-publish","hentry"],"_links":{"self":[{"href":"https:\/\/maitremoulinemarc.fr\/index.php\/wp-json\/wp\/v2\/pages\/55","targetHints":{"allow":["GET"]}}],"collection":[{"href":"https:\/\/maitremoulinemarc.fr\/index.php\/wp-json\/wp\/v2\/pages"}],"about":[{"href":"https:\/\/maitremoulinemarc.fr\/index.php\/wp-json\/wp\/v2\/types\/page"}],"author":[{"embeddable":true,"href":"https:\/\/maitremoulinemarc.fr\/index.php\/wp-json\/wp\/v2\/users\/1"}],"replies":[{"embeddable":true,"href":"https:\/\/maitremoulinemarc.fr\/index.php\/wp-json\/wp\/v2\/comments?post=55"}],"version-history":[{"count":5,"href":"https:\/\/maitremoulinemarc.fr\/index.php\/wp-json\/wp\/v2\/pages\/55\/revisions"}],"predecessor-version":[{"id":91,"href":"https:\/\/maitremoulinemarc.fr\/index.php\/wp-json\/wp\/v2\/pages\/55\/revisions\/91"}],"wp:attachment":[{"href":"https:\/\/maitremoulinemarc.fr\/index.php\/wp-json\/wp\/v2\/media?parent=55"}],"curies":[{"name":"wp","href":"https:\/\/api.w.org\/{rel}","templated":true}]}}